{"id":34,"date":"2017-09-18T13:35:28","date_gmt":"2017-09-18T13:35:28","guid":{"rendered":"http:\/\/figuren-masken.de\/?page_id=34"},"modified":"2020-04-14T15:39:04","modified_gmt":"2020-04-14T15:39:04","slug":"vita","status":"publish","type":"page","link":"https:\/\/figuren-masken.de\/?page_id=34","title":{"rendered":"Vita"},"content":{"rendered":"<p><img loading=\"lazy\" decoding=\"async\" class=\"alignnone wp-image-246 size-large\" src=\"https:\/\/figuren-masken.de\/wp-content\/uploads\/2017\/09\/03_D26A47921-klein-700x467.jpg\" alt=\"\" width=\"700\" height=\"467\" srcset=\"https:\/\/figuren-masken.de\/wp-content\/uploads\/2017\/09\/03_D26A47921-klein-700x467.jpg 700w, https:\/\/figuren-masken.de\/wp-content\/uploads\/2017\/09\/03_D26A47921-klein-300x200.jpg 300w, https:\/\/figuren-masken.de\/wp-content\/uploads\/2017\/09\/03_D26A47921-klein-768x512.jpg 768w, https:\/\/figuren-masken.de\/wp-content\/uploads\/2017\/09\/03_D26A47921-klein-960x640.jpg 960w, https:\/\/figuren-masken.de\/wp-content\/uploads\/2017\/09\/03_D26A47921-klein-450x300.jpg 450w, https:\/\/figuren-masken.de\/wp-content\/uploads\/2017\/09\/03_D26A47921-klein.jpg 1500w\" sizes=\"(max-width: 700px) 100vw, 700px\" \/><\/p>\n<p>Katrin Geigenm\u00fcller, Jahrgang 1962, lebt und arbeitet im Aichtal s\u00fcdlich von Stuttgart. Als studierte Grafikerin besch\u00e4ftigte Sie sich in der eigenen Agentur mit der Konzeption und Umsetzung von Printmedien sowie Messen und Ausstellungen im Innen- und Au\u00dfenbereich. Sukzessiv verlagerten sich die Interessen st\u00e4rker in den k\u00fcnstlerischen Bereich.<\/p>\n<p>Ihre Erfahrungen flie\u00dfen jetzt in die Konzeption von Installationen und das Bespielen von R\u00e4umlichkeiten, erg\u00e4nzt durch reichhaltiges Wissen zu Materialien.<br \/>\nMit ihren Figuren und Masken zeigt Katrin Geigenm\u00fcller dreidimensionale Objekte, die Ankn\u00fcpfungspunkte zu unterschiedlichen Mythenwelten aufweisen und den Charakter eigenst\u00e4ndiger Wesenheiten haben.<\/p>\n<p>Sie dienen nicht dazu, etwas zu verbergen oder zu verschleiern; eher scheinen sie menschliche Tr\u00e4ger verformen oder beherrschen zu k\u00f6nnen.<br \/>\nDie Auseinandersetzung mit expressiven Oberfl\u00e4chenstrukturen ist eines der markanten Kennzeichen des Werks der K\u00fcnstlerin.<\/p>\n<p>Viele der Keramikobjekte entstehen im Rauch-, Raku- oder Feldbrand. Die dezente Farbgebung wird durch Engoben, Pigmente, Rauchspuren erzeugt, die Objekte oft erg\u00e4nzt durch Holz-, Metall- oder Hornelemente.<\/p>\n","protected":false},"excerpt":{"rendered":"<p>Katrin Geigenm\u00fcller, Jahrgang 1962, lebt und arbeitet im Aichtal s\u00fcdlich von Stuttgart. Als studierte Grafikerin besch\u00e4ftigte Sie sich in der eigenen Agentur mit der Konzeption und Umsetzung von Printmedien sowie Messen und Ausstellungen im Innen- und Au\u00dfenbereich. Sukzessiv verlagerten sich die Interessen st\u00e4rker in den k\u00fcnstlerischen Bereich. Ihre Erfahrungen flie\u00dfen jetzt in die Konzeption von&#8230; <\/p>\n<div class=\"link-more\"><a href=\"https:\/\/figuren-masken.de\/?page_id=34\">Weiterlesen<\/a><\/div>\n","protected":false},"author":1,"featured_media":0,"parent":0,"menu_order":0,"comment_status":"closed","ping_status":"closed","template":"","meta":{"footnotes":""},"_links":{"self":[{"href":"https:\/\/figuren-masken.de\/index.php?rest_route=\/wp\/v2\/pages\/34"}],"collection":[{"href":"https:\/\/figuren-masken.de\/index.php?rest_route=\/wp\/v2\/pages"}],"about":[{"href":"https:\/\/figuren-masken.de\/index.php?rest_route=\/wp\/v2\/types\/page"}],"author":[{"embeddable":true,"href":"https:\/\/figuren-masken.de\/index.php?rest_route=\/wp\/v2\/users\/1"}],"replies":[{"embeddable":true,"href":"https:\/\/figuren-masken.de\/index.php?rest_route=%2Fwp%2Fv2%2Fcomments&post=34"}],"version-history":[{"count":11,"href":"https:\/\/figuren-masken.de\/index.php?rest_route=\/wp\/v2\/pages\/34\/revisions"}],"predecessor-version":[{"id":360,"href":"https:\/\/figuren-masken.de\/index.php?rest_route=\/wp\/v2\/pages\/34\/revisions\/360"}],"wp:attachment":[{"href":"https:\/\/figuren-masken.de\/index.php?rest_route=%2Fwp%2Fv2%2Fmedia&parent=34"}],"curies":[{"name":"wp","href":"https:\/\/api.w.org\/{rel}","templated":true}]}}