{"id":25,"date":"2017-09-18T13:33:39","date_gmt":"2017-09-18T13:33:39","guid":{"rendered":"http:\/\/figuren-masken.de\/?page_id=25"},"modified":"2026-03-20T14:20:09","modified_gmt":"2026-03-20T14:20:09","slug":"aktuell","status":"publish","type":"page","link":"https:\/\/figuren-masken.de\/?page_id=25","title":{"rendered":"Aktuell"},"content":{"rendered":"<h4>2026<\/h4>\n<hr \/>\n<p>08.11. bis 06.12.2026 <strong>I www.waswird&#8230;? I <\/strong>Jahresausstellung der K\u00fcnstler der Filder e.V. <strong>I<\/strong> St\u00e4dtische Galerie Filderstadt<br \/><br \/>06.06. bis 14.06.2026 <strong>I <\/strong><strong>Am Sp\u00fclsaum I 4_Kubik Atelierausstellung I<\/strong> Atelier Neuenhaus<\/p>\n<h4>2025<\/h4>\n<hr \/>\n<p>28.09. bis 26.10.2025 <strong>I ZITA(R)T I <\/strong>Jahresausstellung der K\u00fcnstler der Filder e.V. <strong>I<\/strong> St\u00e4dtische Galerie Filderstadt<\/p>\n<h4>2024<\/h4>\n<hr \/>\n<p>25. bis 27.10.2024 I <b>ARTMUC<\/b> <strong>I<\/strong> Kunstmesse in M\u00fcnchen<\/p>\n<p class=\"western\">16.06. bis 23.06.2024 <strong>I<\/strong> <strong>Offenes Atelier und Kleinstausstellung 4m3 I<\/strong> Atelier Neuenhaus<\/p>\n<h4>2023<\/h4>\n<hr \/>\n<p>29.10 bis 26.11.2023 <strong>I<\/strong> <strong>Das Blaue vom Himmel I <\/strong>Jahresaustellung der <a href=\"https:\/\/kuefi.de\/\">K\u00fcnstler der Filder e.V.<\/a> <strong>I<\/strong> St\u00e4dtische Galerie Filderstadt<\/p>\n<p>14.04. bis 16.04.2023 <strong>I <a href=\"https:\/\/arte-kunstmesse.de\/fu-besuchen\/\">ARTe FUSION Stuttgart 2023<\/a><\/strong><\/p>\n<h4>2022<\/h4>\n<hr \/>\n<p>06.11 bis 04.12.2022 <strong>I<\/strong> <strong>frei.raum I <\/strong>Jahresaustellung der <a href=\"https:\/\/kuefi.de\/\">K\u00fcnstler der Filder e.V.<\/a> <strong>I<\/strong> St\u00e4dtische Galerie Filderstadt<\/p>\n<p>01.10. bis 29.10.2022 <strong>I Figuren und Masken I <\/strong>Galerie Norbert Nieser<strong> I <\/strong>Stuttgart-Degerloch<\/p>\n<p>23.07 bis 17.09.22 <strong>I Suzanne Kolmeder und Katrin Geigenm\u00fcller I<\/strong> Ustaiko <strong>I<\/strong> Galerie in der ehemaligen Textilfabrik Waiblingen<\/p>\n<p>02.07 bis 03.07.22 <strong>I WALDKUNSTPFAD I<\/strong> <a href=\"https:\/\/kuefi.de\/\">K\u00fcnstler der Filder e.V<\/a> <strong>I<\/strong> Plattenhardt<\/p>\n<p>17.03 bis 20.03.2022 <strong>I<\/strong> <strong>ARTe <\/strong><strong>Sindelfingen<\/strong><\/p>\n<h4>2021<\/h4>\n<hr \/>\n<p>07.11 bis 05.12.2021 <strong>I<\/strong> <strong>Fragile I <\/strong>Jahresaustellung der K\u00fcnstler der Filder e.V. <strong>I<\/strong> St\u00e4dtische Galerie Filderstadt<\/p>\n<p>18.09.2021 <strong>I Stra\u00dfengalerie Herrenberg<\/strong><\/p>\n<p>22.07 bis 09.09.2021 <strong>I<\/strong> <strong>AUS DER REIHE I <\/strong>Kunstverein Ludwigsburg, MIK Ludwigsburg<\/p>\n<p>01.04.2021 <strong>I Digitale Ausstellung I<\/strong> K\u00fcnstler der Filder e.V I <a href=\"http:\/\/www.kuefi.de\/\" target=\"_blank\" rel=\"noopener noreferrer\" data-saferedirecturl=\"https:\/\/www.google.com\/url?q=http:\/\/www.kuefi.de&amp;source=gmail&amp;ust=1587135674096000&amp;usg=AFQjCNFoqnAOqiNvRzKyKQRfBMNd8sTC8w\">www.kuefi.<wbr \/>de<\/a><\/p>\n<h4>2020<\/h4>\n<hr \/>\n<p><strong>Fragile I <\/strong>Jahresaustellung der K\u00fcnstler der Filder e.V. I St\u00e4dtische Galerie Filderstadt <span style=\"color: #ff0000;\">[Verschoben]<\/span><\/p>\n<p>04.07.2020 <strong>I Stra\u00dfengalerie Herrenberg <\/strong><span style=\"color: #ff0000;\">[Entfallen]<\/span><\/p>\n<p>ab M\u00e4rz 2020 <strong>I Digitale Ausstellung I<\/strong> K\u00fcnstler der Filder e.V I <a href=\"http:\/\/www.kuefi.de\/\" target=\"_blank\" rel=\"noopener noreferrer\" data-saferedirecturl=\"https:\/\/www.google.com\/url?q=http:\/\/www.kuefi.de&amp;source=gmail&amp;ust=1587135674096000&amp;usg=AFQjCNFoqnAOqiNvRzKyKQRfBMNd8sTC8w\">www.kuefi.de<\/a><\/p>\n<p>19.03. bis 22.03.2020\u00a0<strong>I<\/strong> <strong>ARTe Sindelfingen <\/strong><span style=\"color: #ff0000;\">[Entfallen]<\/span><strong><br \/><\/strong><\/p>\n<p>09.01. bis 26.01.2020\u00a0<strong>I<\/strong> <strong>EISZEIT &#8211; [KUN:ST] QUARTIER<\/strong><\/p>\n<h4>2019<\/h4>\n<hr \/>\n<p>07.07.2019 <strong>I<\/strong> <strong>K\u00fcnstlerhoffest I <\/strong>Rottenburg<\/p>\n<p>30.06.2019 <strong>I<\/strong> <strong>Kunstspaziergang I <\/strong>Unterensingen<\/p>\n<p>02.06 bis 07.07.2019 <strong>I<\/strong> <strong>am Limit_unlimited I <\/strong>Jahresausstellung K\u00fcnstler der Filder e.V. I St\u00e4dtische Galerie Filderstadt<\/p>\n<p>01.06 bis 30.06.2019\u00a0<strong>I<\/strong> <strong>Local Figures &#8211; Disconnected I <\/strong>TO LIVE IS TO CHOOSE \/ Galerie f\u00fcr Afrikanische Kunst Stuttgart<\/p>\n<p>12.05 bis 08.06.2019\u00a0<strong>I<\/strong> <strong>Kulturforum Rutesheim I <\/strong>Uschi Choma trifft Katrin Geigenm\u00fcller<\/p>\n<p>21.-24.03.2019\u00a0<strong>I<\/strong> <strong>ARTe Sindelfingen<\/strong><\/p>\n<h4>2018<\/h4>\n<hr \/>\n<p>20.09 bis 19.11.2018\u00a0<strong>I<\/strong>\u00a0<strong>Fr\u00fchling, Sommer, Herbst und Winter&#8230;Von Japan inspiriert<\/strong> <strong>I<\/strong> Augustinum, Stuttgart-Sillenbuch<\/p>\n<p>20.09 bis 04.10.2018 <strong>I Kunst Vereint I<\/strong> Mitgliederausstellung Kunstverein Ludswigsburg Kunstzentrum Karlskaserne<\/p>\n<p>07\/2018 <strong>I anr\u00fcchig I<\/strong> K\u00fcnstler der Filder\u00a0<strong>I<\/strong> St\u00e4dtische Galerie Filderstadt<\/p>\n<p>06\/2018 <strong>I<\/strong> <strong>Rissfest<\/strong> <strong>I<\/strong> Schloss D\u00e4tzingen, Kulturkreis Grafenau e.V<\/p>\n<p>04\/2018 <strong>I<\/strong>\u00a0<strong>Stille Gesch\u00f6pfe<\/strong> <strong>I<\/strong> St\u00e4dtische Galerie Filderstadt<\/p>\n<p>03\/2018 <strong>I<\/strong> <strong>ARTe Sindelfingen<\/strong><\/p>\n<h4>2017<\/h4>\n<hr \/>\n<p>06\/2017<strong> I<\/strong> <strong>anders.wo<\/strong> <strong>I\u00a0<\/strong>K\u00fcnstler der Filder\u00a0<strong>I<\/strong> St\u00e4dtische Galerie Filderstadt<\/p>\n<p>03\/2017<strong> I ARTe Sindelfingen<\/strong><\/p>\n\n\n<p><\/p>\n\n\n\n<p><\/p>\n\n\n\n<p><\/p>\n\n\n\n<p><\/p>\n\n\n\n<p><\/p>\n\n\n\n<p><\/p>\n\n\n\n<p><\/p>\n","protected":false},"excerpt":{"rendered":"<p>2026 08.11. bis 06.12.2026 I www.waswird&#8230;? I Jahresausstellung der K\u00fcnstler der Filder e.V. I St\u00e4dtische Galerie Filderstadt 06.06. bis 14.06.2026 I Am Sp\u00fclsaum I 4_Kubik Atelierausstellung I Atelier Neuenhaus 2025 28.09. bis 26.10.2025 I ZITA(R)T I Jahresausstellung der K\u00fcnstler der Filder e.V. I St\u00e4dtische Galerie Filderstadt 2024 25. bis 27.10.2024 I ARTMUC I Kunstmesse in&#8230; <\/p>\n<div class=\"link-more\"><a href=\"https:\/\/figuren-masken.de\/?page_id=25\">Weiterlesen<\/a><\/div>\n","protected":false},"author":1,"featured_media":0,"parent":0,"menu_order":0,"comment_status":"closed","ping_status":"closed","template":"","meta":{"footnotes":""},"_links":{"self":[{"href":"https:\/\/figuren-masken.de\/index.php?rest_route=\/wp\/v2\/pages\/25"}],"collection":[{"href":"https:\/\/figuren-masken.de\/index.php?rest_route=\/wp\/v2\/pages"}],"about":[{"href":"https:\/\/figuren-masken.de\/index.php?rest_route=\/wp\/v2\/types\/page"}],"author":[{"embeddable":true,"href":"https:\/\/figuren-masken.de\/index.php?rest_route=\/wp\/v2\/users\/1"}],"replies":[{"embeddable":true,"href":"https:\/\/figuren-masken.de\/index.php?rest_route=%2Fwp%2Fv2%2Fcomments&post=25"}],"version-history":[{"count":39,"href":"https:\/\/figuren-masken.de\/index.php?rest_route=\/wp\/v2\/pages\/25\/revisions"}],"predecessor-version":[{"id":776,"href":"https:\/\/figuren-masken.de\/index.php?rest_route=\/wp\/v2\/pages\/25\/revisions\/776"}],"wp:attachment":[{"href":"https:\/\/figuren-masken.de\/index.php?rest_route=%2Fwp%2Fv2%2Fmedia&parent=25"}],"curies":[{"name":"wp","href":"https:\/\/api.w.org\/{rel}","templated":true}]}}